{"id":36,"date":"2025-02-20T22:10:37","date_gmt":"2025-02-20T21:10:37","guid":{"rendered":"http:\/\/www.partner4media.com\/p4m\/?page_id=36"},"modified":"2025-03-30T17:33:49","modified_gmt":"2025-03-30T15:33:49","slug":"services","status":"publish","type":"page","link":"https:\/\/www.partner4media.com\/p4m\/index.php\/services\/","title":{"rendered":"Services"},"content":{"rendered":"<p>[et_pb_section fb_built=&#8220;1&#8243; _builder_version=&#8220;4.27.4&#8243; _module_preset=&#8220;default&#8220; background_image=&#8220;http:\/\/wp.partner4media.com\/p4m\/wp-content\/uploads\/2025\/02\/dscn0262-zugeschnitten-kleiner1-scaled.jpg&#8220; global_colors_info=&#8220;{}&#8220;][\/et_pb_section][et_pb_section fb_built=&#8220;1&#8243; _builder_version=&#8220;4.27.4&#8243; _module_preset=&#8220;default&#8220; global_colors_info=&#8220;{}&#8220;][et_pb_row column_structure=&#8220;1_3,1_3,1_3&#8243; _builder_version=&#8220;4.27.4&#8243; _module_preset=&#8220;default&#8220; global_colors_info=&#8220;{}&#8220;][et_pb_column type=&#8220;1_3&#8243; _builder_version=&#8220;4.27.4&#8243; _module_preset=&#8220;default&#8220; global_colors_info=&#8220;{}&#8220;][et_pb_image src=&#8220;https:\/\/www.partner4media.com\/p4m\/wp-content\/uploads\/2025\/03\/015-DSCN2499-Kreuzenstein-in-der-Ferne.jpg&#8220; title_text=&#8220;015-DSCN2499&#8211;Kreuzenstein-in-der-Ferne&#8220; _builder_version=&#8220;4.27.4&#8243; _module_preset=&#8220;default&#8220; hover_enabled=&#8220;0&#8243; global_colors_info=&#8220;{}&#8220; sticky_enabled=&#8220;0&#8243;][\/et_pb_image][et_pb_text _builder_version=&#8220;4.27.4&#8243; _module_preset=&#8220;default&#8220; global_colors_info=&#8220;{}&#8220;]<\/p>\n<p>&#8230; damit Sie den Durchblick haben &#8230;<\/p>\n<p>[\/et_pb_text][\/et_pb_column][et_pb_column type=&#8220;1_3&#8243; _builder_version=&#8220;4.27.4&#8243; _module_preset=&#8220;default&#8220; global_colors_info=&#8220;{}&#8220;][et_pb_text _builder_version=&#8220;4.27.4&#8243; _module_preset=&#8220;default&#8220; text_text_color=&#8220;#E02B20&#8243; text_font_size=&#8220;25px&#8220; global_colors_info=&#8220;{}&#8220;]<\/p>\n<p><strong>Services<\/strong><\/p>\n<p>[\/et_pb_text][et_pb_text _builder_version=&#8220;4.27.4&#8243; _module_preset=&#8220;default&#8220; global_colors_info=&#8220;{}&#8220;]<\/p>\n<section id=\"section-id-1484821144113\" class=\"sppb-section \">\n<div class=\"sppb-row-container\">\n<div class=\"sppb-row\">\n<div class=\"sppb-col-md-12\">\n<div id=\"column-id-1484821144114\" class=\"sppb-column\">\n<div class=\"sppb-column-addons\">\n<div id=\"sppb-addon-1484821144117\" class=\"clearfix\">\n<div class=\"sppb-addon sppb-addon-image-content aligment-left clearfix \">\n<div class=\"sppb-container\">\n<div class=\"sppb-row\">\n<div class=\"sppb-col-sm-6 sppb-col-sm-offset-6\">\n<div class=\"sppb-content-holder\">\n<p>Als Partner unserer Kunden bieten wir alle Services, die Sie brauchen, damit Ihre IT-Projekte ein Erfolg werden.<\/p>\n<p><span>Von der Anforderungs-Analyse \u00fcber Detailspezifikationen bis zu den Integrations-Tests begleitet partner<\/span><span style=\"color: #ff0000;\">4<\/span><span>media Ihre IT-Projekte und bringt diese damit\u00a0<\/span><span>auf den richtigen Weg.<\/span><\/p>\n<p><span>partner<\/span><span style=\"color: #ff0000;\">4<\/span><span>media unternimmt alles, damit Sie den Durchblick haben und sich f\u00fcr Sie die Nebel lichten, Strukturen Fr\u00fcchte tragen und Ihr Gesch\u00e4ft bl\u00fcht!<\/span><\/p>\n<\/div>\n<\/div>\n<\/div>\n<\/div>\n<\/div>\n<\/div>\n<\/div>\n<\/div>\n<\/div>\n<\/div>\n<\/div>\n<\/section>\n<section id=\"section-id-1735463114858\" class=\"sppb-section \">\n<div class=\"sppb-row-container\">\n<div class=\"sppb-row\">\n<div class=\"sppb-col-md-4\">\n<div id=\"column-id-1735461370055\" class=\"sppb-column\">\n<div class=\"sppb-column-addons\">\n<div id=\"sppb-addon-1735461370056\" class=\"clearfix\">\n<div class=\"sppb-addon sppb-addon-text-block sppb-text-left \">\n<div class=\"sppb-addon-content\">\n<p>&nbsp;<\/p>\n<\/div>\n<\/div>\n<\/div>\n<\/div>\n<\/div>\n<\/div>\n<\/div>\n<\/div>\n<\/section>\n<p>[\/et_pb_text][\/et_pb_column][et_pb_column type=&#8220;1_3&#8243; _builder_version=&#8220;4.27.4&#8243; _module_preset=&#8220;default&#8220; global_colors_info=&#8220;{}&#8220;][et_pb_text _builder_version=&#8220;4.27.4&#8243; _module_preset=&#8220;default&#8220; global_colors_info=&#8220;{}&#8220;]<\/p>\n<p>&#8230; und Ihr Gesch\u00e4ft bl\u00fcht<\/p>\n<p>[\/et_pb_text][et_pb_image src=&#8220;https:\/\/www.partner4media.com\/p4m\/wp-content\/uploads\/2025\/03\/030-DSCN3135-violettes-kraut.jpg&#8220; title_text=&#8220;030-DSCN3135-violettes-kraut&#8220; _builder_version=&#8220;4.27.4&#8243; _module_preset=&#8220;default&#8220; hover_enabled=&#8220;0&#8243; global_colors_info=&#8220;{}&#8220; sticky_enabled=&#8220;0&#8243;][\/et_pb_image][\/et_pb_column][\/et_pb_row][\/et_pb_section]<\/p>\n","protected":false},"excerpt":{"rendered":"<p>&#8230; damit Sie den Durchblick haben &#8230;Services Als Partner unserer Kunden bieten wir alle Services, die Sie brauchen, damit Ihre IT-Projekte ein Erfolg werden. Von der Anforderungs-Analyse \u00fcber Detailspezifikationen bis zu den Integrations-Tests begleitet partner4media Ihre IT-Projekte und bringt diese damit\u00a0auf den richtigen Weg. partner4media unternimmt alles, damit Sie den Durchblick haben und sich f\u00fcr [&hellip;]<\/p>\n","protected":false},"author":1,"featured_media":0,"parent":0,"menu_order":0,"comment_status":"closed","ping_status":"closed","template":"","meta":{"_et_pb_use_builder":"on","_et_pb_old_content":"","_et_gb_content_width":"","footnotes":""},"class_list":["post-36","page","type-page","status-publish","hentry"],"_links":{"self":[{"href":"https:\/\/www.partner4media.com\/p4m\/index.php\/wp-json\/wp\/v2\/pages\/36","targetHints":{"allow":["GET"]}}],"collection":[{"href":"https:\/\/www.partner4media.com\/p4m\/index.php\/wp-json\/wp\/v2\/pages"}],"about":[{"href":"https:\/\/www.partner4media.com\/p4m\/index.php\/wp-json\/wp\/v2\/types\/page"}],"author":[{"embeddable":true,"href":"https:\/\/www.partner4media.com\/p4m\/index.php\/wp-json\/wp\/v2\/users\/1"}],"replies":[{"embeddable":true,"href":"https:\/\/www.partner4media.com\/p4m\/index.php\/wp-json\/wp\/v2\/comments?post=36"}],"version-history":[{"count":8,"href":"https:\/\/www.partner4media.com\/p4m\/index.php\/wp-json\/wp\/v2\/pages\/36\/revisions"}],"predecessor-version":[{"id":91,"href":"https:\/\/www.partner4media.com\/p4m\/index.php\/wp-json\/wp\/v2\/pages\/36\/revisions\/91"}],"wp:attachment":[{"href":"https:\/\/www.partner4media.com\/p4m\/index.php\/wp-json\/wp\/v2\/media?parent=36"}],"curies":[{"name":"wp","href":"https:\/\/api.w.org\/{rel}","templated":true}]}}