{"id":19,"date":"2025-02-20T22:07:36","date_gmt":"2025-02-20T21:07:36","guid":{"rendered":"http:\/\/www.partner4media.com\/p4m\/?page_id=19"},"modified":"2025-02-20T22:07:48","modified_gmt":"2025-02-20T21:07:48","slug":"impressum","status":"publish","type":"page","link":"https:\/\/www.partner4media.com\/p4m\/index.php\/impressum\/","title":{"rendered":"Impressum"},"content":{"rendered":"<p>[et_pb_section fb_built=&#8220;1&#8243; _builder_version=&#8220;4.27.4&#8243; _module_preset=&#8220;default&#8220; background_image=&#8220;https:\/\/www.partner4media.com\/p4m\/wp-content\/uploads\/2025\/02\/DSCN0254-1.jpg&#8220; global_colors_info=&#8220;{}&#8220; theme_builder_area=&#8220;post_content&#8220;][\/et_pb_section][et_pb_section fb_built=&#8220;1&#8243; _builder_version=&#8220;4.27.4&#8243; _module_preset=&#8220;default&#8220; global_colors_info=&#8220;{}&#8220; theme_builder_area=&#8220;post_content&#8220;][et_pb_row _builder_version=&#8220;4.27.4&#8243; _module_preset=&#8220;default&#8220; global_colors_info=&#8220;{}&#8220; theme_builder_area=&#8220;post_content&#8220;][et_pb_column type=&#8220;4_4&#8243; _builder_version=&#8220;4.27.4&#8243; _module_preset=&#8220;default&#8220; global_colors_info=&#8220;{}&#8220; theme_builder_area=&#8220;post_content&#8220;][et_pb_text _builder_version=&#8220;4.27.4&#8243; _module_preset=&#8220;default&#8220; text_text_color=&#8220;#FFFFFF&#8220; background_color=&#8220;#0C71C3&#8243; global_colors_info=&#8220;{}&#8220; theme_builder_area=&#8220;post_content&#8220;]<\/p>\n<p><strong>Impressum<\/strong><\/p>\n<p>[\/et_pb_text][et_pb_text _builder_version=&#8220;4.27.4&#8243; _module_preset=&#8220;default&#8220; global_colors_info=&#8220;{}&#8220; theme_builder_area=&#8220;post_content&#8220;]<\/p>\n<p><span><strong>Management &amp; Marketing Systemberatung G.m.b.H.<\/strong><\/span><\/p>\n<div class=\"n\">\n<p>Jakobgasse 3, 3400 Klosterneuburg bei Wien, \u00d6sterreich<br \/>Telefon: +43 (2243) 22010 0\u00a0<br \/>e-mail: \u00a0\u00a0office(at)partner4media.com\u00a0\u00a0<br \/>website:\u00a0<a href=\"http:\/\/www.partner4media.com\">http:\/\/www.partner4media.com<\/a><br \/>Firmenbuch FN 92706 h, Landesgericht Korneuburg<\/p>\n<p><span>Gegr\u00fcndet: November 1990<\/span><br \/><span>Gesch\u00e4ftsf\u00fchrer: Dr. Wolfgang Vitovec<\/span><br \/><span>Umsatzsteuer-Identifikationsnummer: ATU19314908<\/span><br \/><span>Gewerbe: Unternehmensberatung, EDV-Dienstleistungen, Handel mit Waren aller Art<\/span><\/p>\n<\/div>\n<div class=\"n\">\n<div class=\"clearover\">\n<p><span>partner4media und Partner &amp; Partner sind Warenzeichen der Management &amp; Marketing Systemberatung Ges.m.b.H.. Alle anderen Produkte, Markennamen oder Firmenbezeichnungen sind Warenzeichen oder eingetragene Warenzeichen der jeweiligen Hersteller.<\/span><\/p>\n<p><span>Management &amp; Marketing Systemberatung Gesellschaft mbH hat alle zumutbaren Anstrengungen unternommen, um sicherzustellen, dass die auf dieser Website bereitgestellten Informationen zur Zeit der Bereitstellung richtig und vollst\u00e4ndig sind. Dennoch kann es zu unbeabsichtigten und zuf\u00e4lligen Fehlern gekommen sein, f\u00fcr die wir uns entschuldigen.<\/span><\/p>\n<p><span>Das Copyright \u00a9 der auf dieser Website verwendeten Fotos liegt bei der Management &amp; Marketing Systemberatung G.m.b.H.\u00a0<\/span><\/p>\n<\/div>\n<\/div>\n<div class=\"n\">\n<div class=\"clearover\">\n<div class=\"leftDownload\"><span><a href=\"http:\/\/www.partner4media.com\/app\/download\/5780434566\/p4m-AGB-SaaS-150102.pdf\" target=\"_blank\" rel=\"noopener\"><img loading=\"lazy\" decoding=\"async\" src=\"https:\/\/www.partner4media.com\/p4m\/wp-content\/uploads\/2025\/02\/pdf.png\" alt=\"Download\" width=\"51\" height=\"51\" \/><\/a><\/span><\/div>\n<div class=\"rightDownload\"><span><strong>Allgemeine Gesch\u00e4ftsbedingungen<\/strong><\/span><br \/><span><a href=\"https:\/\/www.partner4media.com\/p4m\/media\/attachments\/2017\/04\/06\/p4m-agb-saas-160901.pdf\" target=\"_self\" onclick=\"window.open(this.href,'','scrollbars=yes,resizable=yes,location=yes,menubar=yes,status=yes,toolbar=yes,left=0,top=0');return false;\">p4m-AGB-SaaS-160901<\/a>\u00a0<\/span><br \/><span>PDF-Dokument [135 KB]<\/span><\/div>\n<\/div>\n<\/div>\n<div class=\"n\">\n<div class=\"hr\"><span><\/span><\/div>\n<div><span><\/span><\/div>\n<\/div>\n<div class=\"n\">\n<p><span>Management &amp; Marketing Systemberatung Gesellschaft mbH macht keine Zusicherung und \u00fcbernimmt keine Gew\u00e4hrleistung f\u00fcr die auf dieser Website zur Verf\u00fcgung gestellten Informationen, wie z.B. Hyperlinks oder andere Inhalte, die entweder direkt oder indirekt von dieser\u00a0Website verwendet werden. Auch beh\u00e4lt sich Management &amp; Marketing Systemberatung Gesellschaft mbH das Recht vor, \u00c4nderungen oder Erg\u00e4nzungen der bereitgestellten Informationen ohne vorherige Ank\u00fcndigung vorzunehmen. Management &amp; Marketing Systemberatung Gesellschaft mbH lehnt jegliche Haftung f\u00fcr unrichtige oder fehlende Informationen auf dieser Website ab, und daher liegen alle Entscheidungen, die auf den auf dieser Website bereitgestellten Informationen beruhen, einzig und allein im Verantwortungsbereich des Benutzers. Management &amp; Marketing Systemberatung Gesellschaft mbH lehnt jegliche Haftung f\u00fcr unmittelbare, konkrete Sch\u00e4den oder Folgesch\u00e4den, oder sonstige Sch\u00e4den jeglicher Art, die aus welchem Grund auch immer im Zusammenhang mit dem indirekten oder direkten Gebrauch der auf dieser Website bereitgestellten Informationen entstanden sind, ab.<\/span><\/p>\n<\/div>\n<div class=\"n\">\n<p><span>Sofern nicht anders angegeben, liegt das Urheberrecht aller auf dieser Website bereitgestellten Dokumente und der daf\u00fcr verwendeten Materialien ausschlie\u00dflich bei Management &amp; Marketing Systemberatung Gesellschaft mbH. Bez\u00fcglich aller Rechte (z.B. Eigentum, gewerbliche Schutzrechte, Urheberrecht) wird niemandem eine Lizenz oder ein sonstiges Recht einger\u00e4umt. Die Vervielf\u00e4ltigung der Dokumente ist nur f\u00fcr den pers\u00f6nlichen und informativen Gebrauch gestattet und jede sonstige Vervielf\u00e4ltigung oder jeder sonstige Gebrauch ist ausdr\u00fccklich untersagt. Die Verwendung von Kennzeichen (z.B. Marken, Logos), unabh\u00e4ngig vom Vorhandensein eines Symbols \u00ae oder \u2122, ist ausdr\u00fccklich untersagt.<\/span><\/p>\n<p><span>Alle vorstehenden Regelungen gelten auch f\u00fcr Software, die direkt oder indirekt von der Management &amp; Marketing Systemberatung Gesellschaft mbH Website abgerufen oder verwendet werden k\u00f6nnen. Soweit \u00fcber Hyperlinks auf Software Dritter zugegriffen wird, gelten die Regelungen dieses Anbieters und dessen Rechte\u00a0sind\u00a0zu beachten.<\/span><\/p>\n<\/div>\n<p>[\/et_pb_text][et_pb_text _builder_version=&#8220;4.27.4&#8243; _module_preset=&#8220;default&#8220; text_text_color=&#8220;#FFFFFF&#8220; background_color=&#8220;#0C71C3&#8243; global_colors_info=&#8220;{}&#8220; theme_builder_area=&#8220;post_content&#8220;]<\/p>\n<p><strong>Datenschutzerkl\u00e4rung<\/strong><\/p>\n<p>[\/et_pb_text][et_pb_text _builder_version=&#8220;4.27.4&#8243; _module_preset=&#8220;default&#8220; global_colors_info=&#8220;{}&#8220; theme_builder_area=&#8220;post_content&#8220;]<\/p>\n<p><span><strong>Management &amp; Marketing Systemberatung G.m.b.H.<\/strong><\/span><\/p>\n<div class=\"n\">\n<p><span><strong>Allgemeine Erkl\u00e4rung zum Datenschutz<\/strong>\u00a0<\/span><\/p>\n<\/div>\n<div class=\"n\">\n<div class=\"clearover\">\n<p><span>Wir nehmen den Schutz Ihrer pers\u00f6nlichen Daten sehr ernst. Wir behandeln Ihre personenbezogenen Daten vertraulich und entsprechend den Vorgaben der DSGVO, der europaweitg\u00fcltigen Datenschutzgrundverordnung. Wenn Sie diese Website benutzen, werden verschiedene personenbezogene Daten, also Daten mit denen Sie pers\u00f6nlich identifiziert werden k\u00f6nnen, erhoben.\u00a0<\/span><\/p>\n<p><span>Wir setzen technische und organisatorische Ma\u00dfnahmen ein, um die Vertraulichkeit Ihrer personenbezogenen Daten sicherzustellen und diese vor zuf\u00e4lliger oder vors\u00e4tzlicher Manipulation, vor Verlust, Zerst\u00f6rung oder dem Zugriff unberechtigter Personen zu sch\u00fctzen.<\/span><\/p>\n<p><span>Wir d\u00fcrfen Sie darauf hinweisen, dass die Daten\u00fcbertragung im Internet, wie z.B. die Kommunikation per Email, Sicherheitsl\u00fccken aufweisen kann. Damit ist ein l\u00fcckenloser Schutz der Daten vor einem Zugriff durch Dritte nicht m\u00f6glich.<br \/><\/span><\/p>\n<p>&nbsp;<\/p>\n<p><span><b>Der Verantwortliche im Sinne der DSGVO<\/b><\/span><\/p>\n<p><span>Der Verantwortliche f\u00fcr die Datenverarbeitung ist die Management &amp; Marketing Systemberatung G.m.b.H., Jakobgasse 3, 3400 Klosterneuburg, \u00d6sterreich &#8211; office[at]partner4media.com.<\/span><\/p>\n<p><span><b>Ihre Rechte als Betroffener<\/b><\/span><\/p>\n<p><span>Bei Fragen oder Anmerkungen zu dieser Datenschutzerkl\u00e4rung sowie jedem datenschutzrechtlichen Anliegen k\u00f6nnen Sie sich an office[at]partner4media.com wenden. Dies betrifft insbesondere Ihr Recht auf Auskunft \u00fcber Ihre bei uns gespeicherten personenbezogenen Daten, ihr Recht auf Berichtigung, Sperrung und L\u00f6schung Ihrer bei uns verarbeiteten Daten, ihr Recht auf Widerspruch gegen die pseudonyme Verwendung, sowie ihr Recht auf Widerruf erteilter Einwilligungen in die Datenverarbeitung.<\/span><\/p>\n<p><b>Datenerfassung auf dieser Website<\/b><\/p>\n<p><span>Auf den Internetseiten werden teilweise sogenannte Cookies verwendet.\u00a0Cookies sind kleine Textdateien, die auf Ihrem Rechner abgelegt werden, welche keine Viren enthalten, auf Ihrem Rechner keinen Schaden anrichten und von Ihrem Browser gespeichert werden. Cookies dienen dazu, die Seiten nutzerfreundlicher, effektiver und sicherer zu machen.<br \/><\/span><\/p>\n<p><span>Als Nutzer k\u00f6nnen Sie das Setzen von Cookies in Ihren Browser unterbinden, indem Sie dies unter dem Men\u00fcpunkt &#8222;Einstellungen&#8220; Ihres Browsers unterbinden.<\/span><\/p>\n<p><b>Newsletter\u00a0<\/b><\/p>\n<p><span>Sie haben die M\u00f6glichkeit einen Newsletter zu abonnieren, mit dem wir Sie \u00fcber Neuerungen, insbesondere unseres Angebotes, informieren. Sie k\u00f6nnen den Newsletter jederzeit abbestellen. Senden Sie Ihre Stornierung an office[at]partner4media.com oder verwenden Sie den entsprechenden Link im Newsletter.<\/span><\/p>\n<\/div>\n<\/div>\n<p>[\/et_pb_text][et_pb_text _builder_version=&#8220;4.27.4&#8243; _module_preset=&#8220;default&#8220; text_text_color=&#8220;#FFFFFF&#8220; background_color=&#8220;#0C71C3&#8243; global_colors_info=&#8220;{}&#8220; theme_builder_area=&#8220;post_content&#8220;]<\/p>\n<p><strong><span>Offenlegung gem\u00e4\u00df \u00a725 Mediengesetz<\/span><\/strong><\/p>\n<p>[\/et_pb_text][\/et_pb_column][\/et_pb_row][et_pb_row _builder_version=&#8220;4.27.4&#8243; _module_preset=&#8220;default&#8220; global_colors_info=&#8220;{}&#8220; theme_builder_area=&#8220;post_content&#8220;][et_pb_column type=&#8220;4_4&#8243; _builder_version=&#8220;4.27.4&#8243; _module_preset=&#8220;default&#8220; global_colors_info=&#8220;{}&#8220; theme_builder_area=&#8220;post_content&#8220;][et_pb_text _builder_version=&#8220;4.27.4&#8243; _module_preset=&#8220;default&#8220; global_colors_info=&#8220;{}&#8220; theme_builder_area=&#8220;post_content&#8220;]<\/p>\n<div class=\"n\">\n<h2><img decoding=\"async\" src=\"https:\/\/www.partner4media.com\/p4m\/wp-content\/uploads\/2025\/02\/wko-infopflicht.png\" alt=\"wko infopflicht\" \/><\/h2>\n<\/div>\n<div class=\"n\">\n<p><span>Verleger und Hersteller:<\/span><br \/><span>Management &amp; Marketing Systemberatung Gesellschaft mbH, Klosterneuburg<\/span><\/p>\n<p><span>Management &amp; Marketing Systemberatung Gesellschaft mbH ist Mitglied der Wirtschaftskammer Nieder\u00f6sterreich und ist entsprechend den gewerberechtlichen Vorschriften zur Aus\u00fcbung folgender Gewerbe berechtigt:<\/span><\/p>\n<p><span>1. Unternehmensberatung<\/span><br \/><span>2. EDV-Dienstleistung bzw. Datenverarbeitung<\/span><br \/><span>3. Handel mit Waren aller Art<\/span><\/p>\n<p><span>Weitere Detailinformationen zu unserem Unternehmen auf der offiziellen Seite der\u00a0<\/span><span><a href=\"http:\/\/firmena-z.wko.at\/ecg.asp?MG=1153896\" target=\"_blank\" rel=\"noopener\">Wirtschaftskammer \u00d6sterreich<\/a>.<\/span><\/p>\n<\/div>\n<p>[\/et_pb_text][\/et_pb_column][\/et_pb_row][et_pb_row _builder_version=&#8220;4.27.4&#8243; _module_preset=&#8220;default&#8220; global_colors_info=&#8220;{}&#8220; theme_builder_area=&#8220;post_content&#8220;][et_pb_column type=&#8220;4_4&#8243; _builder_version=&#8220;4.27.4&#8243; _module_preset=&#8220;default&#8220; global_colors_info=&#8220;{}&#8220; theme_builder_area=&#8220;post_content&#8220;][\/et_pb_column][\/et_pb_row][\/et_pb_section]<\/p>\n","protected":false},"excerpt":{"rendered":"<p>ImpressumManagement &amp; Marketing Systemberatung G.m.b.H. Jakobgasse 3, 3400 Klosterneuburg bei Wien, \u00d6sterreichTelefon: +43 (2243) 22010 0\u00a0e-mail: \u00a0\u00a0office(at)partner4media.com\u00a0\u00a0website:\u00a0http:\/\/www.partner4media.comFirmenbuch FN 92706 h, Landesgericht Korneuburg Gegr\u00fcndet: November 1990Gesch\u00e4ftsf\u00fchrer: Dr. Wolfgang VitovecUmsatzsteuer-Identifikationsnummer: ATU19314908Gewerbe: Unternehmensberatung, EDV-Dienstleistungen, Handel mit Waren aller Art partner4media und Partner &amp; Partner sind Warenzeichen der Management &amp; Marketing Systemberatung Ges.m.b.H.. Alle anderen Produkte, Markennamen oder Firmenbezeichnungen [&hellip;]<\/p>\n","protected":false},"author":1,"featured_media":0,"parent":0,"menu_order":0,"comment_status":"closed","ping_status":"closed","template":"","meta":{"_et_pb_use_builder":"on","_et_pb_old_content":"","_et_gb_content_width":"","footnotes":""},"class_list":["post-19","page","type-page","status-publish","hentry"],"_links":{"self":[{"href":"https:\/\/www.partner4media.com\/p4m\/index.php\/wp-json\/wp\/v2\/pages\/19","targetHints":{"allow":["GET"]}}],"collection":[{"href":"https:\/\/www.partner4media.com\/p4m\/index.php\/wp-json\/wp\/v2\/pages"}],"about":[{"href":"https:\/\/www.partner4media.com\/p4m\/index.php\/wp-json\/wp\/v2\/types\/page"}],"author":[{"embeddable":true,"href":"https:\/\/www.partner4media.com\/p4m\/index.php\/wp-json\/wp\/v2\/users\/1"}],"replies":[{"embeddable":true,"href":"https:\/\/www.partner4media.com\/p4m\/index.php\/wp-json\/wp\/v2\/comments?post=19"}],"version-history":[{"count":3,"href":"https:\/\/www.partner4media.com\/p4m\/index.php\/wp-json\/wp\/v2\/pages\/19\/revisions"}],"predecessor-version":[{"id":25,"href":"https:\/\/www.partner4media.com\/p4m\/index.php\/wp-json\/wp\/v2\/pages\/19\/revisions\/25"}],"wp:attachment":[{"href":"https:\/\/www.partner4media.com\/p4m\/index.php\/wp-json\/wp\/v2\/media?parent=19"}],"curies":[{"name":"wp","href":"https:\/\/api.w.org\/{rel}","templated":true}]}}